{"id":5554,"date":"2024-09-25T16:54:28","date_gmt":"2024-09-25T14:54:28","guid":{"rendered":"https:\/\/enjoyeuevoo.eu\/il-progetto\/"},"modified":"2024-09-26T16:53:47","modified_gmt":"2024-09-26T14:53:47","slug":"il-progetto","status":"publish","type":"page","link":"https:\/\/enjoyeuevoo.eu\/it\/il-progetto\/","title":{"rendered":"Il progetto"},"content":{"rendered":"<div class=\"fusion-fullwidth fullwidth-box fusion-builder-row-1 fusion-flex-container has-pattern-background has-mask-background nonhundred-percent-fullwidth non-hundred-percent-height-scrolling\" style=\"--awb-border-radius-top-left:0px;--awb-border-radius-top-right:0px;--awb-border-radius-bottom-right:0px;--awb-border-radius-bottom-left:0px;--awb-padding-right:0px;--awb-flex-wrap:wrap;\" ><div class=\"fusion-builder-row fusion-row fusion-flex-align-items-flex-start fusion-flex-content-wrap\" style=\"max-width:1216.8px;margin-left: calc(-4% \/ 2 );margin-right: calc(-4% \/ 2 );\"><div class=\"fusion-layout-column fusion_builder_column fusion-builder-column-0 fusion_builder_column_1_1 1_1 fusion-flex-column\" style=\"--awb-bg-size:cover;--awb-width-large:100%;--awb-margin-top-large:0px;--awb-spacing-right-large:1.92%;--awb-margin-bottom-large:20px;--awb-spacing-left-large:1.92%;--awb-width-medium:100%;--awb-order-medium:0;--awb-spacing-right-medium:1.92%;--awb-spacing-left-medium:1.92%;--awb-width-small:100%;--awb-order-small:0;--awb-spacing-right-small:1.92%;--awb-spacing-left-small:1.92%;\"><div class=\"fusion-column-wrapper fusion-column-has-shadow fusion-flex-justify-content-flex-start fusion-content-layout-column\"><div class=\"fusion-image-element \" style=\"text-align:center;--awb-caption-title-font-family:var(--h2_typography-font-family);--awb-caption-title-font-weight:var(--h2_typography-font-weight);--awb-caption-title-font-style:var(--h2_typography-font-style);--awb-caption-title-size:var(--h2_typography-font-size);--awb-caption-title-transform:var(--h2_typography-text-transform);--awb-caption-title-line-height:var(--h2_typography-line-height);--awb-caption-title-letter-spacing:var(--h2_typography-letter-spacing);\"><span class=\" fusion-imageframe imageframe-none imageframe-1 hover-type-none\"><img decoding=\"async\" width=\"2500\" height=\"1407\" title=\"olio-e-olive-progetto-def\" src=\"https:\/\/enjoyeuevoo.eu\/wp-content\/uploads\/2024\/09\/olio-e-olive-progetto-def.jpg\" data-orig-src=\"https:\/\/enjoyeuevoo.eu\/wp-content\/uploads\/2024\/09\/olio-e-olive-progetto-def.jpg\" alt class=\"lazyload img-responsive wp-image-5556\" srcset=\"data:image\/svg+xml,%3Csvg%20xmlns%3D%27http%3A%2F%2Fwww.w3.org%2F2000%2Fsvg%27%20width%3D%272500%27%20height%3D%271407%27%20viewBox%3D%270%200%202500%201407%27%3E%3Crect%20width%3D%272500%27%20height%3D%271407%27%20fill-opacity%3D%220%22%2F%3E%3C%2Fsvg%3E\" data-srcset=\"https:\/\/enjoyeuevoo.eu\/wp-content\/uploads\/2024\/09\/olio-e-olive-progetto-def-200x113.jpg 200w, https:\/\/enjoyeuevoo.eu\/wp-content\/uploads\/2024\/09\/olio-e-olive-progetto-def-400x225.jpg 400w, https:\/\/enjoyeuevoo.eu\/wp-content\/uploads\/2024\/09\/olio-e-olive-progetto-def-600x338.jpg 600w, https:\/\/enjoyeuevoo.eu\/wp-content\/uploads\/2024\/09\/olio-e-olive-progetto-def-800x450.jpg 800w, https:\/\/enjoyeuevoo.eu\/wp-content\/uploads\/2024\/09\/olio-e-olive-progetto-def-1200x675.jpg 1200w, https:\/\/enjoyeuevoo.eu\/wp-content\/uploads\/2024\/09\/olio-e-olive-progetto-def.jpg 2500w\" data-sizes=\"auto\" data-orig-sizes=\"(max-width: 1024px) 100vw, (max-width: 640px) 100vw, 1200px\" \/><\/span><\/div><div class=\"fusion-text fusion-text-1\" style=\"--awb-margin-top:20px;\"><p>Il progetto EcceChina (European Olive Oil Symbol of Mediterranean Culture to Satisfy Oriental Tastes), cofinanziato da Unaprol e dall&#8217;Unione Europea, \u00e8 un programma triennale di informazione e promozione dell&#8217;olio extravergine di oliva europeo da realizzare in Cina.<\/p>\n<p>Il progetto porter\u00e0 i consumatori e i professionisti (gastronomi, chef, food blogger, ristoratori, giornalisti, nutrizionisti) in un viaggio sensoriale alla scoperta dell&#8217;olio extravergine di oliva. L&#8217;obiettivo \u00e8 quello di aumentare il livello di riconoscimento della certificazione di qualit\u00e0 degli oli d&#8217;oliva europei DOP e IGP e di migliorare la competitivit\u00e0 e il consumo dell&#8217;olio d&#8217;oliva prodotto nell&#8217;Unione, aumentandone il profilo d&#8217;immagine, la conoscenza e la quota di mercato in Cina.<\/p>\n<\/div><\/div><\/div><\/div><\/div>\n","protected":false},"excerpt":{"rendered":"","protected":false},"author":1,"featured_media":0,"parent":0,"menu_order":0,"comment_status":"closed","ping_status":"closed","template":"","meta":{"footnotes":""},"class_list":["post-5554","page","type-page","status-publish","hentry"],"_links":{"self":[{"href":"https:\/\/enjoyeuevoo.eu\/it\/wp-json\/wp\/v2\/pages\/5554","targetHints":{"allow":["GET"]}}],"collection":[{"href":"https:\/\/enjoyeuevoo.eu\/it\/wp-json\/wp\/v2\/pages"}],"about":[{"href":"https:\/\/enjoyeuevoo.eu\/it\/wp-json\/wp\/v2\/types\/page"}],"author":[{"embeddable":true,"href":"https:\/\/enjoyeuevoo.eu\/it\/wp-json\/wp\/v2\/users\/1"}],"replies":[{"embeddable":true,"href":"https:\/\/enjoyeuevoo.eu\/it\/wp-json\/wp\/v2\/comments?post=5554"}],"version-history":[{"count":4,"href":"https:\/\/enjoyeuevoo.eu\/it\/wp-json\/wp\/v2\/pages\/5554\/revisions"}],"predecessor-version":[{"id":5561,"href":"https:\/\/enjoyeuevoo.eu\/it\/wp-json\/wp\/v2\/pages\/5554\/revisions\/5561"}],"wp:attachment":[{"href":"https:\/\/enjoyeuevoo.eu\/it\/wp-json\/wp\/v2\/media?parent=5554"}],"curies":[{"name":"wp","href":"https:\/\/api.w.org\/{rel}","templated":true}]}}